{"id":127,"date":"2019-06-22T01:32:01","date_gmt":"2019-06-22T04:32:01","guid":{"rendered":"http:\/\/comercialkhoury.com.br\/?page_id=127"},"modified":"2020-08-14T17:05:45","modified_gmt":"2020-08-14T20:05:45","slug":"produtos-copra-coco","status":"publish","type":"page","link":"https:\/\/comercialkhoury.com.br\/en\/produtos-copra-coco\/","title":{"rendered":"Produtos Copra Coco"},"content":{"rendered":"<div id='av_section_1' class='avia-section main_color avia-section-huge avia-no-border-styling avia-full-stretch av-section-color-overlay-active avia-bg-style-scroll  avia-builder-el-0  el_before_av_layout_row  avia-builder-el-first    container_wrap sidebar_right' style='background-repeat: no-repeat; background-image: url(https:\/\/comercialkhoury.com.br\/wp-content\/uploads\/2019\/06\/7155-1500x1001.jpg);background-attachment: scroll; background-position: center center;  '  data-section-bg-repeat='stretch'><div class='av-section-color-overlay-wrap'><div class='av-section-color-overlay' style='opacity: 0.7; background-color: #3f0011; '><\/div><div class='container' ><main  role=\"main\" itemprop=\"mainContentOfPage\"  class='template-page content  av-content-small alpha units'><div class='post-entry post-entry-type-page post-entry-127'><div class='entry-content-wrapper clearfix'>\n<div style='padding-bottom:10px; color:#ffffff;' class='av-special-heading av-special-heading-h1 custom-color-heading blockquote modern-quote modern-centered  avia-builder-el-1  avia-builder-el-no-sibling'><h1 class='av-special-heading-tag'  itemprop=\"headline\"  >Produtos Copra Coco<\/h1><div class='special-heading-border'><div class='special-heading-inner-border' style='border-color:#ffffff'><\/div><\/div><\/div>\n\n<\/div><\/div><\/main><!-- close content main element --><\/div><\/div><\/div><div id='av-layout-grid-1' class='av-layout-grid-container entry-content-wrapper alternate_color av-flex-cells     avia-builder-el-2  el_after_av_section  el_before_av_productgrid   submenu-not-first container_wrap sidebar_right' style=' '  >\n<div class=\"flex_cell no_margin av_one_half  avia-builder-el-3  el_before_av_cell_one_half  avia-builder-el-first\" style='vertical-align:middle; padding:60px; '><div class='flex_cell_inner' ><div class='avia-image-container  av-styling-    avia-builder-el-4  avia-builder-el-no-sibling   avia-align-center'  itemprop=\"image\" itemscope=\"itemscope\" itemtype=\"https:\/\/schema.org\/ImageObject\"  ><div class='avia-image-container-inner'><div class='avia-image-overlay-wrap'><img class='avia_image' src='https:\/\/comercialkhoury.com.br\/wp-content\/uploads\/2019\/07\/logo-copra.png' alt='' title='logo-copra' height=\"245\" width=\"261\"  itemprop=\"thumbnailUrl\"  \/><\/div><\/div><\/div>\n<\/div><\/div><div class=\"flex_cell no_margin av_one_half  avia-builder-el-5  el_after_av_cell_one_half  avia-builder-el-last\" style='vertical-align:middle; padding:60px; '><div class='flex_cell_inner' ><p><div style='padding-bottom:10px; margin:0px 0px 0px 0px; color:#b02b2c;' class='av-special-heading av-special-heading-h3 custom-color-heading blockquote modern-quote  avia-builder-el-6  el_before_av_textblock  avia-builder-el-first'><h3 class='av-special-heading-tag'  itemprop=\"headline\"  >Caracter\u00edsticas e benef\u00edcios do coco<\/h3><div class='special-heading-border'><div class='special-heading-inner-border' style='border-color:#b02b2c'><\/div><\/div><\/div><br \/>\n<section class=\"av_textblock_section\"  itemscope=\"itemscope\" itemtype=\"https:\/\/schema.org\/CreativeWork\" ><div class='avia_textblock'   itemprop=\"text\" ><p>O coco \u00e9 uma das frutas mais saud\u00e1veis do mundo! Tem uma combina\u00e7\u00e3o \u00edmpar de \u00e1cidos graxos, que traz muitos benef\u00edcios importantes para nossa sa\u00fade. Possui antioxidantes que agem contra os radicais livres. \u00c9 uma op\u00e7\u00e3o para os que t\u00eam intoler\u00e2ncia \u00e0 lactose<\/p>\n<p>Em especial, o \u00f3leo de coco natural \u00e9 muito vers\u00e1til, podendo ser usado como hidratante para o rosto, na m\u00e1scara do cabelo, na comida para dar sabor e tamb\u00e9m para emagrecer.<\/p>\n<\/div><\/section><\/p>\n<\/div><\/div>\n<\/div><div id='after_submenu_1' class='main_color av_default_container_wrap container_wrap sidebar_right' style=' '  ><div class='container' ><div class='template-page content  av-content-small alpha units'><div class='post-entry post-entry-type-page post-entry-127'><div class='entry-content-wrapper clearfix'>\n<div  data-autoplay=''  data-interval='5'  data-animation='fade'  data-hoverpause='1'  class='template-shop avia-content-slider avia-content-grid-active avia-product-slider1 avia-content-slider-odd  avia-builder-el-8  el_after_av_layout_row  avia-builder-el-no-sibling    shop_columns_5' ><div class='product-sorting'><ul class='sort-param sort-param-order'><li><span class='currently-selected'>Sort by <strong>Default<\/strong><\/span><ul><li class='current-param'><a href='?avia_extended_shop_select=yes&product_order=default' rel=\"nofollow\"><span class='avia-bullet'><\/span>Default<\/a><\/li><li><a href='?avia_extended_shop_select=yes&product_order=menu_order' rel=\"nofollow\"><span class='avia-bullet'><\/span>Custom<\/a><\/li><li><a href='?avia_extended_shop_select=yes&product_order=title' rel=\"nofollow\"><span class='avia-bullet'><\/span>Name<\/a><\/li><li><a href='?avia_extended_shop_select=yes&product_order=price' rel=\"nofollow\"><span class='avia-bullet'><\/span>Price<\/a><\/li><li><a href='?avia_extended_shop_select=yes&product_order=date' rel=\"nofollow\"><span class='avia-bullet'><\/span>Date<\/a><\/li><li><a href='?avia_extended_shop_select=yes&product_order=popularity' rel=\"nofollow\"><span class='avia-bullet'><\/span>Popularity (sales)<\/a><\/li><li><a href='?avia_extended_shop_select=yes&product_order=rating' rel=\"nofollow\"><span class='avia-bullet'><\/span>Average rating<\/a><\/li><li><a href='?avia_extended_shop_select=yes&product_order=relevance' rel=\"nofollow\"><span class='avia-bullet'><\/span>Relevance<\/a><\/li><li><a href='?avia_extended_shop_select=yes&product_order=rand' rel=\"nofollow\"><span class='avia-bullet'><\/span>Random<\/a><\/li><li><a href='?avia_extended_shop_select=yes&product_order=id' rel=\"nofollow\"><span class='avia-bullet'><\/span>Product ID<\/a><\/li><\/ul><\/li><\/ul><ul class='sort-param sort-param-count'><li><span class='currently-selected'>Display <strong>75 Products per page<\/strong><\/span><ul><li class='current-param'><a href='?paged=1&avia_extended_shop_select=yes&product_count=75' rel=\"nofollow\">\t\t<span class='avia-bullet'><\/span>75 Products per page<\/a><\/li><li><a href='?paged=1&avia_extended_shop_select=yes&product_count=150' rel=\"nofollow\">\t<span class='avia-bullet'><\/span>150 Products per page<\/a><\/li><li><a href='?paged=1&avia_extended_shop_select=yes&product_count=225' rel=\"nofollow\">\t<span class='avia-bullet'><\/span>225 Products per page<\/a><\/li><\/ul><\/li><\/ul><\/div><div class='avia-content-slider-inner'><ul class=\"products\"><li class=\"product type-product post-3336 status-publish first instock product_cat-oleos-de-coco product_cat-produtos-copra-coco product_tag-copra product_tag-oleo-de-coco product_tag-sem-sabor has-post-thumbnail shipping-taxable purchasable product-type-simple\">\n\t<div class='inner_product main_color wrapped_style noLightbox  av-product-class-minimal-overlay'><a href=\"https:\/\/comercialkhoury.com.br\/en\/product\/oleo-de-coco-extravirgem-balde-32-litros\/\" class=\"woocommerce-LoopProduct-link woocommerce-loop-product__link\"><div class='thumbnail_container'><img width=\"450\" height=\"450\" src=\"https:\/\/comercialkhoury.com.br\/wp-content\/uploads\/2024\/09\/D_NQ_NP_2X_897677-MLB40569473065_012020-F-1-450x450.webp\" class=\"attachment-shop_catalog size-shop_catalog wp-post-image\" alt=\"\" decoding=\"async\" srcset=\"https:\/\/comercialkhoury.com.br\/wp-content\/uploads\/2024\/09\/D_NQ_NP_2X_897677-MLB40569473065_012020-F-1-450x450.webp 450w, https:\/\/comercialkhoury.com.br\/wp-content\/uploads\/2024\/09\/D_NQ_NP_2X_897677-MLB40569473065_012020-F-1-80x80.webp 80w, https:\/\/comercialkhoury.com.br\/wp-content\/uploads\/2024\/09\/D_NQ_NP_2X_897677-MLB40569473065_012020-F-1-11x12.webp 11w, https:\/\/comercialkhoury.com.br\/wp-content\/uploads\/2024\/09\/D_NQ_NP_2X_897677-MLB40569473065_012020-F-1-36x36.webp 36w, https:\/\/comercialkhoury.com.br\/wp-content\/uploads\/2024\/09\/D_NQ_NP_2X_897677-MLB40569473065_012020-F-1-180x180.webp 180w, https:\/\/comercialkhoury.com.br\/wp-content\/uploads\/2024\/09\/D_NQ_NP_2X_897677-MLB40569473065_012020-F-1-120x120.webp 120w, https:\/\/comercialkhoury.com.br\/wp-content\/uploads\/2024\/09\/D_NQ_NP_2X_897677-MLB40569473065_012020-F-1-100x100.webp 100w\" sizes=\"(max-width: 450px) 100vw, 450px\" \/><span class='cart-loading'><\/span><\/div><div class='inner_product_header'><div class='avia-arrow'><\/div><div class='inner_product_header_table'><div class='inner_product_header_cell'><h2 class=\"woocommerce-loop-product__title\">\u00d3leo de Coco Extravirgem Balde 3,2 litros<\/h2>\n\t<span class=\"price\"><span class=\"woocommerce-Price-amount amount\"><bdi><span class=\"woocommerce-Price-currencySymbol\">&#82;&#36;<\/span>199,00<\/bdi><\/span><\/span>\n<\/div><\/div><\/div><\/a><\/div><\/li>\n<li class=\"product type-product post-584 status-publish instock product_cat-oleos-de-coco product_cat-produtos-copra-coco product_tag-copra product_tag-oleo-de-coco product_tag-sem-sabor has-post-thumbnail shipping-taxable purchasable product-type-simple\">\n\t<div class='inner_product main_color wrapped_style noLightbox  av-product-class-minimal-overlay'><a href=\"https:\/\/comercialkhoury.com.br\/en\/product\/oleo-de-coco-sem-sabor-32-litros\/\" class=\"woocommerce-LoopProduct-link woocommerce-loop-product__link\"><div class='thumbnail_container'><img width=\"150\" height=\"113\" src=\"https:\/\/comercialkhoury.com.br\/wp-content\/uploads\/2020\/01\/sem-sabor-balde-produto-e1579387758834-150x113.png\" class=\"attachment-shop_catalog size-shop_catalog wp-post-image\" alt=\"\" decoding=\"async\" \/><span class='cart-loading'><\/span><\/div><div class='inner_product_header'><div class='avia-arrow'><\/div><div class='inner_product_header_table'><div class='inner_product_header_cell'><h2 class=\"woocommerce-loop-product__title\">\u00d3leo de Coco Sem Sabor 3,2 litros<\/h2>\n\t<span class=\"price\"><span class=\"woocommerce-Price-amount amount\"><bdi><span class=\"woocommerce-Price-currencySymbol\">&#82;&#36;<\/span>142,50<\/bdi><\/span><\/span>\n<\/div><\/div><\/div><\/a><\/div><\/li>\n<\/ul><\/div><\/div><div class=\"clear\"><\/div>","protected":false},"excerpt":{"rendered":"","protected":false},"author":1,"featured_media":0,"parent":0,"menu_order":0,"comment_status":"closed","ping_status":"closed","template":"","meta":{"footnotes":""},"acf":[],"yoast_head":"<!-- This site is optimized with the Yoast SEO plugin v20.13 - https:\/\/yoast.com\/wordpress\/plugins\/seo\/ -->\n<title>Produtos Copra Coco - Comercia Khoury<\/title>\n<meta name=\"robots\" content=\"index, follow, max-snippet:-1, max-image-preview:large, max-video-preview:-1\" \/>\n<link rel=\"canonical\" href=\"https:\/\/comercialkhoury.com.br\/en\/produtos-copra-coco\/\" \/>\n<meta property=\"og:locale\" content=\"en_US\" \/>\n<meta property=\"og:type\" content=\"article\" \/>\n<meta property=\"og:title\" content=\"Produtos Copra Coco - Comercia Khoury\" \/>\n<meta property=\"og:url\" content=\"https:\/\/comercialkhoury.com.br\/en\/produtos-copra-coco\/\" \/>\n<meta property=\"og:site_name\" content=\"Comercia Khoury\" \/>\n<meta property=\"article:modified_time\" content=\"2020-08-14T20:05:45+00:00\" \/>\n<meta name=\"twitter:card\" content=\"summary_large_image\" \/>\n<meta name=\"twitter:label1\" content=\"Est. reading time\" \/>\n\t<meta name=\"twitter:data1\" content=\"3 minutes\" \/>\n<script type=\"application\/ld+json\" class=\"yoast-schema-graph\">{\"@context\":\"https:\/\/schema.org\",\"@graph\":[{\"@type\":\"WebPage\",\"@id\":\"https:\/\/comercialkhoury.com.br\/produtos-copra-coco\/\",\"url\":\"https:\/\/comercialkhoury.com.br\/produtos-copra-coco\/\",\"name\":\"Produtos Copra Coco - Comercia Khoury\",\"isPartOf\":{\"@id\":\"https:\/\/comercialkhoury.com.br\/#website\"},\"datePublished\":\"2019-06-22T04:32:01+00:00\",\"dateModified\":\"2020-08-14T20:05:45+00:00\",\"breadcrumb\":{\"@id\":\"https:\/\/comercialkhoury.com.br\/produtos-copra-coco\/#breadcrumb\"},\"inLanguage\":\"en-US\",\"potentialAction\":[{\"@type\":\"ReadAction\",\"target\":[\"https:\/\/comercialkhoury.com.br\/produtos-copra-coco\/\"]}]},{\"@type\":\"BreadcrumbList\",\"@id\":\"https:\/\/comercialkhoury.com.br\/produtos-copra-coco\/#breadcrumb\",\"itemListElement\":[{\"@type\":\"ListItem\",\"position\":1,\"name\":\"In\u00edcio\",\"item\":\"https:\/\/comercialkhoury.com.br\/home\/\"},{\"@type\":\"ListItem\",\"position\":2,\"name\":\"Produtos Copra Coco\"}]},{\"@type\":\"WebSite\",\"@id\":\"https:\/\/comercialkhoury.com.br\/#website\",\"url\":\"https:\/\/comercialkhoury.com.br\/\",\"name\":\"Comercia Khoury\",\"description\":\"Alimentos\",\"potentialAction\":[{\"@type\":\"SearchAction\",\"target\":{\"@type\":\"EntryPoint\",\"urlTemplate\":\"https:\/\/comercialkhoury.com.br\/?s={search_term_string}\"},\"query-input\":\"required name=search_term_string\"}],\"inLanguage\":\"en-US\"}]}<\/script>\n<!-- \/ Yoast SEO plugin. -->","yoast_head_json":{"title":"Produtos Copra Coco - Comercia Khoury","robots":{"index":"index","follow":"follow","max-snippet":"max-snippet:-1","max-image-preview":"max-image-preview:large","max-video-preview":"max-video-preview:-1"},"canonical":"https:\/\/comercialkhoury.com.br\/en\/produtos-copra-coco\/","og_locale":"en_US","og_type":"article","og_title":"Produtos Copra Coco - Comercia Khoury","og_url":"https:\/\/comercialkhoury.com.br\/en\/produtos-copra-coco\/","og_site_name":"Comercia Khoury","article_modified_time":"2020-08-14T20:05:45+00:00","twitter_card":"summary_large_image","twitter_misc":{"Est. reading time":"3 minutes"},"schema":{"@context":"https:\/\/schema.org","@graph":[{"@type":"WebPage","@id":"https:\/\/comercialkhoury.com.br\/produtos-copra-coco\/","url":"https:\/\/comercialkhoury.com.br\/produtos-copra-coco\/","name":"Produtos Copra Coco - Comercia Khoury","isPartOf":{"@id":"https:\/\/comercialkhoury.com.br\/#website"},"datePublished":"2019-06-22T04:32:01+00:00","dateModified":"2020-08-14T20:05:45+00:00","breadcrumb":{"@id":"https:\/\/comercialkhoury.com.br\/produtos-copra-coco\/#breadcrumb"},"inLanguage":"en-US","potentialAction":[{"@type":"ReadAction","target":["https:\/\/comercialkhoury.com.br\/produtos-copra-coco\/"]}]},{"@type":"BreadcrumbList","@id":"https:\/\/comercialkhoury.com.br\/produtos-copra-coco\/#breadcrumb","itemListElement":[{"@type":"ListItem","position":1,"name":"In\u00edcio","item":"https:\/\/comercialkhoury.com.br\/home\/"},{"@type":"ListItem","position":2,"name":"Produtos Copra Coco"}]},{"@type":"WebSite","@id":"https:\/\/comercialkhoury.com.br\/#website","url":"https:\/\/comercialkhoury.com.br\/","name":"Comercia Khoury","description":"Alimentos","potentialAction":[{"@type":"SearchAction","target":{"@type":"EntryPoint","urlTemplate":"https:\/\/comercialkhoury.com.br\/?s={search_term_string}"},"query-input":"required name=search_term_string"}],"inLanguage":"en-US"}]}},"_links":{"self":[{"href":"https:\/\/comercialkhoury.com.br\/en\/wp-json\/wp\/v2\/pages\/127"}],"collection":[{"href":"https:\/\/comercialkhoury.com.br\/en\/wp-json\/wp\/v2\/pages"}],"about":[{"href":"https:\/\/comercialkhoury.com.br\/en\/wp-json\/wp\/v2\/types\/page"}],"author":[{"embeddable":true,"href":"https:\/\/comercialkhoury.com.br\/en\/wp-json\/wp\/v2\/users\/1"}],"replies":[{"embeddable":true,"href":"https:\/\/comercialkhoury.com.br\/en\/wp-json\/wp\/v2\/comments?post=127"}],"version-history":[{"count":24,"href":"https:\/\/comercialkhoury.com.br\/en\/wp-json\/wp\/v2\/pages\/127\/revisions"}],"predecessor-version":[{"id":3359,"href":"https:\/\/comercialkhoury.com.br\/en\/wp-json\/wp\/v2\/pages\/127\/revisions\/3359"}],"wp:attachment":[{"href":"https:\/\/comercialkhoury.com.br\/en\/wp-json\/wp\/v2\/media?parent=127"}],"curies":[{"name":"wp","href":"https:\/\/api.w.org\/{rel}","templated":true}]}}