{"id":2,"date":"2019-06-20T01:15:52","date_gmt":"2019-06-20T01:15:52","guid":{"rendered":"http:\/\/comercialkhoury.com.br\/?page_id=2"},"modified":"2024-09-06T20:10:37","modified_gmt":"2024-09-06T23:10:37","slug":"home","status":"publish","type":"page","link":"https:\/\/comercialkhoury.com.br\/en\/","title":{"rendered":"Home"},"content":{"rendered":"<div id='produtos' class='avia-section main_color avia-section-small avia-no-border-styling avia-bg-style-scroll  avia-builder-el-0  el_before_av_section  avia-builder-el-first    container_wrap sidebar_right' style=' '  ><div class='container' ><main  role=\"main\" itemprop=\"mainContentOfPage\"  class='template-page content  av-content-small alpha units'><div class='post-entry post-entry-type-page post-entry-2'><div class='entry-content-wrapper clearfix'>\n<div style='padding-bottom:10px; margin-top:4px; ' class='av-special-heading av-special-heading-h3  blockquote modern-quote modern-centered  avia-builder-el-1  el_before_av_hr  avia-builder-el-first'><h3 class='av-special-heading-tag'  itemprop=\"headline\"  >Produtos<\/h3><div class='special-heading-border'><div class='special-heading-inner-border' ><\/div><\/div><\/div>\n<div style=' margin-top:0px; margin-bottom:0px;'  class='hr hr-custom hr-center hr-icon-no   avia-builder-el-2  el_after_av_heading  el_before_avia_sc_search'><span class='hr-inner   inner-border-av-border-fat' style=' width:50px; border-color:#b02b2c;' ><span class='hr-inner-style'><\/span><\/span><\/div>\n<div class='avia_search_element'><form action='https:\/\/comercialkhoury.com.br\/en\/' id='searchform_element' method='get' class='' data-trp-original-action=\"https:\/\/comercialkhoury.com.br\/en\/\" ><div class='av_searchform_wrapper' ><input type='text' value='' id='s' name='s' placeholder='Pesquisar Produtos ...'  class='' \/><div class='av_searchsubmit_wrapper' ><input type='submit' value='Pesquisar' id='searchsubmit' class='button'  \/><\/div><input type='hidden' name='numberposts' value='5' \/><input type='hidden' name='post_type[]' value='product' \/><input type='hidden' name='results_hide_fields' value='' \/><\/div><input type=\"hidden\" name=\"trp-form-language\" value=\"en\"\/><\/form><\/div>\n\n<\/div><\/div><\/main><!-- close content main element --><\/div><\/div><div id='produtos' class='avia-section main_color avia-section-small avia-no-border-styling avia-bg-style-scroll  avia-builder-el-4  el_after_av_section  el_before_av_slideshow_accordion    container_wrap sidebar_right' style=' '  ><div class='container' ><div class='template-page content  av-content-small alpha units'><div class='post-entry post-entry-type-page post-entry-2'><div class='entry-content-wrapper clearfix'>\n<div class=\"flex_column av_one_fourth  flex_column_div av-zero-column-padding first  avia-builder-el-5  el_before_av_one_fourth  avia-builder-el-first\" style='border-radius:0px; '><div class='avia-image-container  av-styling-no-styling  noHover  av-overlay-hover-deactivate  av-desktop-hide av-medium-hide  avia-builder-el-6  avia-builder-el-no-sibling   avia-align-center'  itemprop=\"image\" itemscope=\"itemscope\" itemtype=\"https:\/\/schema.org\/ImageObject\"  ><div class='avia-image-container-inner'><div class='avia-image-overlay-wrap'><a href='https:\/\/comercialkhoury.com.br\/en\/produtos\/' class='avia_image'  ><div class='av-image-caption-overlay'><div class='av-caption-image-overlay-bg' style='opacity:0.6; background-color:#f4f4f4; '><\/div><div class='av-image-caption-overlay-position'><div class='av-image-caption-overlay-center' style='color:#ffffff; '><p>Outros Produtos<\/p>\n<\/div><\/div><\/div><img class='avia_image' src='https:\/\/comercialkhoury.com.br\/wp-content\/uploads\/2024\/09\/abstract-blur-supermarket-retail-store-300x200.jpg' alt='' title='Abstract blur supermarket and retail store'  itemprop=\"thumbnailUrl\"  \/><\/a><\/div><\/div><\/div><\/div><div class=\"flex_column av_one_fourth  flex_column_div av-zero-column-padding   avia-builder-el-7  el_after_av_one_fourth  avia-builder-el-last\" style='border-radius:0px; '><div class='avia-image-container  av-styling-no-styling  noHover  av-overlay-hover-deactivate  av-desktop-hide av-medium-hide  avia-builder-el-8  avia-builder-el-no-sibling   avia-align-center'  itemprop=\"image\" itemscope=\"itemscope\" itemtype=\"https:\/\/schema.org\/ImageObject\"  ><div class='avia-image-container-inner'><div class='avia-image-overlay-wrap'><a href='https:\/\/comercialkhoury.com.br\/en\/produtos-copra-coco\/' class='avia_image'  ><div class='av-image-caption-overlay'><div class='av-caption-image-overlay-bg' style='opacity:0.6; background-color:#000000; '><\/div><div class='av-image-caption-overlay-position'><div class='av-image-caption-overlay-center' style='color:#ffffff; '><p>Produtos Copra Coco<\/p>\n<\/div><\/div><\/div><img class='avia_image' src='https:\/\/comercialkhoury.com.br\/wp-content\/uploads\/2019\/07\/home-coco-1500x844.jpg' alt='' title='home-coco'  itemprop=\"thumbnailUrl\"  \/><\/a><\/div><\/div><\/div><\/div>\n\n<div class='aviaccordion aviaccordion-title-active  av-small-hide av-mini-hide' style='max-height:423px' data-av-maxheight='423' data-autoplay='false' data-interval='5'   itemscope=\"itemscope\" itemtype=\"https:\/\/schema.org\/Blog\" ><ul class='aviaccordion-inner'><li class='aviaccordion-slide aviaccordion-slide-1' style='left:0%' data-av-left='0'  itemscope=\"itemscope\" itemtype=\"https:\/\/schema.org\/CreativeWork\" ><a class='aviaccordion-slide-link noHover' href='https:\/\/comercialkhoury.com.br\/en\/produtos-copra-coco\/' ><div class='aviaccordion-preview  av-accordion-text-center' style='width:50.1%'><div class='aviaccordion-preview-title-pos'><div class='aviaccordion-preview-title-wrap'><div class='aviaccordion-preview-title'><h3 class='aviaccordion-title'  itemprop=\"headline\"  style='font-size:16px'>Produtos Copra Coco<\/h3><\/div><\/div><\/div><\/div><img width=\"1210\" height=\"423\" src=\"https:\/\/comercialkhoury.com.br\/wp-content\/uploads\/2019\/07\/home-coco-1210x423.jpg\" class=\"aviaccordion-image\" alt=\"\" decoding=\"async\" loading=\"lazy\" \/><\/a><\/li><li class='aviaccordion-slide aviaccordion-slide-2' style='left:50%' data-av-left='50'  itemscope=\"itemscope\" itemtype=\"https:\/\/schema.org\/CreativeWork\" ><a class='aviaccordion-slide-link noHover' href='https:\/\/comercialkhoury.com.br\/en\/loja\/' ><div class='aviaccordion-preview  av-accordion-text-center' style='width:50.1%'><div class='aviaccordion-preview-title-pos'><div class='aviaccordion-preview-title-wrap'><div class='aviaccordion-preview-title'><h3 class='aviaccordion-title'  itemprop=\"headline\"  style='font-size:16px'>Outros Produtos<\/h3><\/div><\/div><\/div><\/div><img width=\"1210\" height=\"423\" src=\"https:\/\/comercialkhoury.com.br\/wp-content\/uploads\/2019\/07\/home-vinagre-1210x423.jpg\" class=\"aviaccordion-image\" alt=\"\" decoding=\"async\" loading=\"lazy\" \/><\/a><\/li><\/ul><div class='aviaccordion-spacer' style='padding-bottom:34.95867768595%'><\/div><\/div>\n<div id='quem-somos' class='avia-section main_color avia-section-default avia-no-border-styling avia-bg-style-scroll  avia-builder-el-10  el_after_av_slideshow_accordion  el_before_av_section    av-minimum-height av-minimum-height-25  container_wrap sidebar_right' style='background-color: #f2f2f2; background-repeat: no-repeat; background-image: url(https:\/\/comercialkhoury.com.br\/wp-content\/uploads\/2019\/06\/cedro-bg-495x400.png);background-attachment: scroll; background-position: bottom right;  '  data-section-bg-repeat='no-repeat' data-av_minimum_height_pc='25'><div class='container' ><div class='template-page content  av-content-small alpha units'><div class='post-entry post-entry-type-page post-entry-2'><div class='entry-content-wrapper clearfix'>\n<div class='flex_column_table av-equal-height-column-flextable -flextable' ><div class=\"flex_column av_one_half  flex_column_table_cell av-equal-height-column av-align-middle av-zero-column-padding first  avia-builder-el-11  el_before_av_one_half  avia-builder-el-first\" style='border-radius:0px; '><div class='avia-image-container  av-styling-    avia-builder-el-12  avia-builder-el-no-sibling   avia-align-center'  itemprop=\"image\" itemscope=\"itemscope\" itemtype=\"https:\/\/schema.org\/ImageObject\"  ><div class='avia-image-container-inner'><div class='avia-image-overlay-wrap'><img class='avia_image' src='https:\/\/comercialkhoury.com.br\/wp-content\/uploads\/2019\/06\/2565fab9ec3f5200134289aa67f7f0e7.jpg' alt='' title='cedro-khoury' height=\"933\" width=\"1405\"  itemprop=\"thumbnailUrl\"  \/><\/div><\/div><\/div><\/div><div class='av-flex-placeholder'><\/div><div class=\"flex_column av_one_half  flex_column_table_cell av-equal-height-column av-align-middle av-zero-column-padding   avia-builder-el-13  el_after_av_one_half  avia-builder-el-last\" style='border-radius:0px; '><p><div style='padding-bottom:10px; ' class='av-special-heading av-special-heading-h3  blockquote modern-quote  avia-builder-el-14  el_before_av_hr  avia-builder-el-first'><h3 class='av-special-heading-tag'  itemprop=\"headline\"  >Conhe\u00e7a a Comercial Khoury<\/h3><div class='special-heading-border'><div class='special-heading-inner-border' ><\/div><\/div><\/div><br \/>\n<div style=' margin-top:0px; margin-bottom:6px;'  class='hr hr-custom hr-left hr-icon-no   avia-builder-el-15  el_after_av_heading  el_before_av_textblock'><span class='hr-inner   inner-border-av-border-fat' style=' width:50px; border-color:#b02b2c;' ><span class='hr-inner-style'><\/span><\/span><\/div><br \/>\n<section class=\"av_textblock_section\"  itemscope=\"itemscope\" itemtype=\"https:\/\/schema.org\/CreativeWork\" ><div class='avia_textblock'   itemprop=\"text\" ><p>Criada em mar\u00e7o de 2011, A Comercial Khoury \u00e9 uma empresa nova no mercado brasileiro, que tem como objetivo trazer \u00e0 mesa das fam\u00edlias brasileiras, produtos aliment\u00edcios de alta qualidade e proced\u00eancia incontest\u00e1vel.<\/p>\n<p>Situada em Guarulhos, SP, \u00e9 uma empresa familiar, que preza pela sa\u00fade e integridade do cidad\u00e3o brasileiro.<\/p>\n<p><strong>VALORES<\/strong><\/p>\n<ul>\n<li>Respeito ao meio ambiente<\/li>\n<li>Valoriza\u00e7\u00e3o do ser humano<\/li>\n<li>Idoneidade e transpar\u00eancia<\/li>\n<\/ul>\n<\/div><\/section><\/p><\/div><\/div><!--close column table wrapper. Autoclose: 1 -->\n\n<\/div><\/div><\/div><!-- close content main div --><\/div><\/div><div id='av_section_4' class='avia-section main_color avia-section-default avia-no-border-styling avia-full-stretch av-section-color-overlay-active avia-bg-style-fixed  avia-builder-el-17  el_after_av_section  el_before_av_section    av-desktop-hide av-medium-hide av-minimum-height av-minimum-height-100  container_wrap sidebar_right' style='background-repeat: no-repeat; background-image: url(https:\/\/comercialkhoury.com.br\/wp-content\/uploads\/2019\/06\/82-scaled.jpg);background-attachment: fixed; background-position: center center;  '  data-section-bg-repeat='stretch' data-av_minimum_height_pc='100'><div class='av-section-color-overlay-wrap'><div class='av-section-color-overlay' style='opacity: 0.6; background-color: #000000; '><\/div><div class='container' ><div class='template-page content  av-content-small alpha units'><div class='post-entry post-entry-type-page post-entry-2'><div class='entry-content-wrapper clearfix'>\n<div class=\"flex_column av_one_third  flex_column_div av-zero-column-padding first  avia-builder-el-18  avia-builder-el-no-sibling\" style='border-radius:0px; '><p><div style='padding-bottom:10px; color:#ffffff;' class='av-special-heading av-special-heading-h3 custom-color-heading blockquote modern-quote  avia-builder-el-19  el_before_av_hr  avia-builder-el-first'><h3 class='av-special-heading-tag'  itemprop=\"headline\"  >Valorizamos a origem<br \/>\nde cada um dos produtos<\/h3><div class='special-heading-border'><div class='special-heading-inner-border' style='border-color:#ffffff'><\/div><\/div><\/div><br \/>\n<div style=' margin-top:0px; margin-bottom:6px;'  class='hr hr-custom hr-left hr-icon-no   avia-builder-el-20  el_after_av_heading  el_before_av_textblock'><span class='hr-inner   inner-border-av-border-fat' style=' width:50px; border-color:#b02b2c;' ><span class='hr-inner-style'><\/span><\/span><\/div><br \/>\n<section class=\"av_textblock_section\"  itemscope=\"itemscope\" itemtype=\"https:\/\/schema.org\/CreativeWork\" ><div class='avia_textblock  av_inherit_color'  style='color:#ffffff; '  itemprop=\"text\" ><p>Assim como as caracter\u00edsticas culturais dos locais onde s\u00e3o produzidos.<\/p>\n<p>Seguimos rigidamente as normas de armazenamento dos produtos, para conserva\u00e7\u00e3o da qualidade e pureza dos mesmos.<\/p>\n<\/div><\/section><br \/>\n<div class='avia-button-wrap avia-button-left  avia-builder-el-22  el_after_av_textblock  avia-builder-el-last'><a href='https:\/\/comercialkhoury.com.br\/en\/contato\/'  class='avia-button   avia-icon_select-no avia-color-theme-color avia-size-medium avia-position-left'   ><span class='avia_iconbox_title' >Entre em contato<\/span><\/a><\/div><\/p><\/div>\n\n<\/div><\/div><\/div><!-- close content main div --><\/div><\/div><\/div><div id='av_section_5' class='avia-section main_color avia-section-default avia-no-border-styling avia-full-stretch avia-bg-style-fixed  avia-builder-el-23  el_after_av_section  avia-builder-el-last    av-small-hide av-mini-hide av-minimum-height av-minimum-height-100  container_wrap sidebar_right' style='background-repeat: no-repeat; background-image: url(https:\/\/comercialkhoury.com.br\/wp-content\/uploads\/2019\/06\/82-scaled.jpg);background-attachment: fixed; background-position: center center;  '  data-section-bg-repeat='stretch' data-av_minimum_height_pc='100'><div class='container' ><div class='template-page content  av-content-small alpha units'><div class='post-entry post-entry-type-page post-entry-2'><div class='entry-content-wrapper clearfix'>\n<div class=\"flex_column av_one_third  flex_column_div av-zero-column-padding first  avia-builder-el-24  avia-builder-el-no-sibling\" style='border-radius:0px; '><p><div style='padding-bottom:10px; color:#ffffff;' class='av-special-heading av-special-heading-h3 custom-color-heading blockquote modern-quote  avia-builder-el-25  el_before_av_hr  avia-builder-el-first'><h3 class='av-special-heading-tag'  itemprop=\"headline\"  >Valorizamos a origem<br \/>\nde cada um dos produtos<\/h3><div class='special-heading-border'><div class='special-heading-inner-border' style='border-color:#ffffff'><\/div><\/div><\/div><br \/>\n<div style=' margin-top:0px; margin-bottom:6px;'  class='hr hr-custom hr-left hr-icon-no   avia-builder-el-26  el_after_av_heading  el_before_av_textblock'><span class='hr-inner   inner-border-av-border-fat' style=' width:50px; border-color:#b02b2c;' ><span class='hr-inner-style'><\/span><\/span><\/div><br \/>\n<section class=\"av_textblock_section\"  itemscope=\"itemscope\" itemtype=\"https:\/\/schema.org\/CreativeWork\" ><div class='avia_textblock  av_inherit_color'  style='color:#ffffff; '  itemprop=\"text\" ><p>Assim como as caracter\u00edsticas culturais dos locais onde s\u00e3o produzidos.<\/p>\n<p>Seguimos rigidamente as normas de armazenamento dos produtos, para conserva\u00e7\u00e3o da qualidade e pureza dos mesmos.<\/p>\n<\/div><\/section><br \/>\n<div class='avia-button-wrap avia-button-left  avia-builder-el-28  el_after_av_textblock  avia-builder-el-last'><a href='https:\/\/comercialkhoury.com.br\/en\/contato\/'  class='avia-button   avia-icon_select-no avia-color-theme-color avia-size-medium avia-position-left'   ><span class='avia_iconbox_title' >Entre em contato<\/span><\/a><\/div><\/p><\/div>\n<\/div><\/div><\/div><!-- close content main div --><\/div><\/div><div id='after_section_5' class='main_color av_default_container_wrap container_wrap sidebar_right' style=' '  ><div class='container' ><div class='template-page content  av-content-small alpha units'><div class='post-entry post-entry-type-page post-entry-2'><div class='entry-content-wrapper clearfix'>","protected":false},"excerpt":{"rendered":"","protected":false},"author":1,"featured_media":0,"parent":0,"menu_order":0,"comment_status":"closed","ping_status":"open","template":"","meta":{"footnotes":""},"acf":[],"yoast_head":"<!-- This site is optimized with the Yoast SEO plugin v20.13 - https:\/\/yoast.com\/wordpress\/plugins\/seo\/ -->\n<title>Home - Comercia Khoury<\/title>\n<meta name=\"robots\" content=\"index, follow, max-snippet:-1, max-image-preview:large, max-video-preview:-1\" \/>\n<link rel=\"canonical\" href=\"https:\/\/comercialkhoury.com.br\/en\/home\/\" \/>\n<meta property=\"og:locale\" content=\"en_US\" \/>\n<meta property=\"og:type\" content=\"article\" \/>\n<meta property=\"og:title\" content=\"Home - Comercia Khoury\" \/>\n<meta property=\"og:url\" content=\"https:\/\/comercialkhoury.com.br\/en\/home\/\" \/>\n<meta property=\"og:site_name\" content=\"Comercia Khoury\" \/>\n<meta property=\"article:modified_time\" content=\"2024-09-06T23:10:37+00:00\" \/>\n<meta name=\"twitter:card\" content=\"summary_large_image\" \/>\n<meta name=\"twitter:label1\" content=\"Est. reading time\" \/>\n\t<meta name=\"twitter:data1\" content=\"6 minutes\" \/>\n<script type=\"application\/ld+json\" class=\"yoast-schema-graph\">{\"@context\":\"https:\/\/schema.org\",\"@graph\":[{\"@type\":\"WebPage\",\"@id\":\"https:\/\/comercialkhoury.com.br\/home\/\",\"url\":\"https:\/\/comercialkhoury.com.br\/home\/\",\"name\":\"Home - Comercia Khoury\",\"isPartOf\":{\"@id\":\"https:\/\/comercialkhoury.com.br\/#website\"},\"datePublished\":\"2019-06-20T01:15:52+00:00\",\"dateModified\":\"2024-09-06T23:10:37+00:00\",\"breadcrumb\":{\"@id\":\"https:\/\/comercialkhoury.com.br\/home\/#breadcrumb\"},\"inLanguage\":\"en-US\",\"potentialAction\":[{\"@type\":\"ReadAction\",\"target\":[\"https:\/\/comercialkhoury.com.br\/home\/\"]}]},{\"@type\":\"BreadcrumbList\",\"@id\":\"https:\/\/comercialkhoury.com.br\/home\/#breadcrumb\",\"itemListElement\":[{\"@type\":\"ListItem\",\"position\":1,\"name\":\"In\u00edcio\",\"item\":\"https:\/\/comercialkhoury.com.br\/home\/\"},{\"@type\":\"ListItem\",\"position\":2,\"name\":\"Home\"}]},{\"@type\":\"WebSite\",\"@id\":\"https:\/\/comercialkhoury.com.br\/#website\",\"url\":\"https:\/\/comercialkhoury.com.br\/\",\"name\":\"Comercia Khoury\",\"description\":\"Alimentos\",\"potentialAction\":[{\"@type\":\"SearchAction\",\"target\":{\"@type\":\"EntryPoint\",\"urlTemplate\":\"https:\/\/comercialkhoury.com.br\/?s={search_term_string}\"},\"query-input\":\"required name=search_term_string\"}],\"inLanguage\":\"en-US\"}]}<\/script>\n<!-- \/ Yoast SEO plugin. -->","yoast_head_json":{"title":"Home - Comercia Khoury","robots":{"index":"index","follow":"follow","max-snippet":"max-snippet:-1","max-image-preview":"max-image-preview:large","max-video-preview":"max-video-preview:-1"},"canonical":"https:\/\/comercialkhoury.com.br\/en\/home\/","og_locale":"en_US","og_type":"article","og_title":"Home - Comercia Khoury","og_url":"https:\/\/comercialkhoury.com.br\/en\/home\/","og_site_name":"Comercia Khoury","article_modified_time":"2024-09-06T23:10:37+00:00","twitter_card":"summary_large_image","twitter_misc":{"Est. reading time":"6 minutes"},"schema":{"@context":"https:\/\/schema.org","@graph":[{"@type":"WebPage","@id":"https:\/\/comercialkhoury.com.br\/home\/","url":"https:\/\/comercialkhoury.com.br\/home\/","name":"Home - Comercia Khoury","isPartOf":{"@id":"https:\/\/comercialkhoury.com.br\/#website"},"datePublished":"2019-06-20T01:15:52+00:00","dateModified":"2024-09-06T23:10:37+00:00","breadcrumb":{"@id":"https:\/\/comercialkhoury.com.br\/home\/#breadcrumb"},"inLanguage":"en-US","potentialAction":[{"@type":"ReadAction","target":["https:\/\/comercialkhoury.com.br\/home\/"]}]},{"@type":"BreadcrumbList","@id":"https:\/\/comercialkhoury.com.br\/home\/#breadcrumb","itemListElement":[{"@type":"ListItem","position":1,"name":"In\u00edcio","item":"https:\/\/comercialkhoury.com.br\/home\/"},{"@type":"ListItem","position":2,"name":"Home"}]},{"@type":"WebSite","@id":"https:\/\/comercialkhoury.com.br\/#website","url":"https:\/\/comercialkhoury.com.br\/","name":"Comercia Khoury","description":"Alimentos","potentialAction":[{"@type":"SearchAction","target":{"@type":"EntryPoint","urlTemplate":"https:\/\/comercialkhoury.com.br\/?s={search_term_string}"},"query-input":"required name=search_term_string"}],"inLanguage":"en-US"}]}},"_links":{"self":[{"href":"https:\/\/comercialkhoury.com.br\/en\/wp-json\/wp\/v2\/pages\/2"}],"collection":[{"href":"https:\/\/comercialkhoury.com.br\/en\/wp-json\/wp\/v2\/pages"}],"about":[{"href":"https:\/\/comercialkhoury.com.br\/en\/wp-json\/wp\/v2\/types\/page"}],"author":[{"embeddable":true,"href":"https:\/\/comercialkhoury.com.br\/en\/wp-json\/wp\/v2\/users\/1"}],"replies":[{"embeddable":true,"href":"https:\/\/comercialkhoury.com.br\/en\/wp-json\/wp\/v2\/comments?post=2"}],"version-history":[{"count":117,"href":"https:\/\/comercialkhoury.com.br\/en\/wp-json\/wp\/v2\/pages\/2\/revisions"}],"predecessor-version":[{"id":3363,"href":"https:\/\/comercialkhoury.com.br\/en\/wp-json\/wp\/v2\/pages\/2\/revisions\/3363"}],"wp:attachment":[{"href":"https:\/\/comercialkhoury.com.br\/en\/wp-json\/wp\/v2\/media?parent=2"}],"curies":[{"name":"wp","href":"https:\/\/api.w.org\/{rel}","templated":true}]}}