{"id":1315,"date":"2020-02-14T15:54:50","date_gmt":"2020-02-14T18:54:50","guid":{"rendered":"http:\/\/comercialkhoury.com.br\/?post_type=product&#038;p=1315"},"modified":"2024-09-06T00:02:39","modified_gmt":"2024-09-06T03:02:39","slug":"aguadecocoobrigado","status":"publish","type":"product","link":"https:\/\/comercialkhoury.com.br\/en\/product\/aguadecocoobrigado\/","title":{"rendered":"\u00c1gua de Coco Integral Obrigado 1L"},"content":{"rendered":"<p class=\"_28cEs\" data-hook=\"description\">\u00c1gua de Coco Integral da marca Obrigado. Embalagem de 1 litro. Com o sabor natural da fruta, \u00e9 elaborada sem adi\u00e7\u00e3o de a\u00e7\u00facar e possui baixo teor de s\u00f3dio. Leve e refrescante, pode ser consumida pura ou utilizada no preparo de bebidas e drinks variados. Sem conservantes, sua por\u00e7\u00e3o de 100 mililitros (1\/2 copo) possui, aproximadamente, valor energ\u00e9tico de 79 kcal. N\u00e3o apresenta quantidades significativas de prote\u00ednas, gorduras totais e s\u00f3dio.<\/p>","protected":false},"excerpt":{"rendered":"<p>\u00c1gua de Coco Integral da marca Obrigado. Embalagem de 1 litro. Com o sabor natural da fruta, \u00e9 elaborada sem adi\u00e7\u00e3o de a\u00e7\u00facar e possui baixo teor de s\u00f3dio. Leve e refrescante, pode ser consumida pura ou utilizada no preparo de bebidas e drinks variados. Sem conservantes, sua por\u00e7\u00e3o de 100 mililitros (1\/2 copo) possui, aproximadamente, valor energ\u00e9tico de 79 kcal. N\u00e3o apresenta quantidades significativas de prote\u00ednas, gorduras totais e s\u00f3dio.<\/p>","protected":false},"featured_media":3329,"template":"","meta":[],"product_cat":[86],"product_tag":[215],"acf":[],"yoast_head":"<!-- This site is optimized with the Yoast SEO plugin v20.13 - https:\/\/yoast.com\/wordpress\/plugins\/seo\/ -->\n<title>\u00c1gua de Coco Integral Obrigado 1L - Comercia Khoury<\/title>\n<meta name=\"robots\" content=\"index, follow, max-snippet:-1, max-image-preview:large, max-video-preview:-1\" \/>\n<link rel=\"canonical\" href=\"https:\/\/comercialkhoury.com.br\/en\/product\/aguadecocoobrigado\/\" \/>\n<meta property=\"og:locale\" content=\"en_US\" \/>\n<meta property=\"og:type\" content=\"article\" \/>\n<meta property=\"og:title\" content=\"\u00c1gua de Coco Integral Obrigado 1L - Comercia Khoury\" \/>\n<meta property=\"og:description\" content=\"\u00c1gua de Coco Integral da marca Obrigado. Embalagem de 1 litro. Com o sabor natural da fruta, \u00e9 elaborada sem adi\u00e7\u00e3o de a\u00e7\u00facar e possui baixo teor de s\u00f3dio. Leve e refrescante, pode ser consumida pura ou utilizada no preparo de bebidas e drinks variados. Sem conservantes, sua por\u00e7\u00e3o de 100 mililitros (1\/2 copo) possui, aproximadamente, valor energ\u00e9tico de 79 kcal. N\u00e3o apresenta quantidades significativas de prote\u00ednas, gorduras totais e s\u00f3dio.\" \/>\n<meta property=\"og:url\" content=\"https:\/\/comercialkhoury.com.br\/en\/product\/aguadecocoobrigado\/\" \/>\n<meta property=\"og:site_name\" content=\"Comercia Khoury\" \/>\n<meta property=\"article:modified_time\" content=\"2024-09-06T03:02:39+00:00\" \/>\n<meta property=\"og:image\" content=\"https:\/\/comercialkhoury.com.br\/wp-content\/uploads\/2020\/02\/aguadecocoobrigado.jpg\" \/>\n\t<meta property=\"og:image:width\" content=\"250\" \/>\n\t<meta property=\"og:image:height\" content=\"250\" \/>\n\t<meta property=\"og:image:type\" content=\"image\/jpeg\" \/>\n<meta name=\"twitter:card\" content=\"summary_large_image\" \/>\n<meta name=\"twitter:label1\" content=\"Est. reading time\" \/>\n\t<meta name=\"twitter:data1\" content=\"1 minute\" \/>\n<script type=\"application\/ld+json\" class=\"yoast-schema-graph\">{\"@context\":\"https:\/\/schema.org\",\"@graph\":[{\"@type\":\"WebPage\",\"@id\":\"https:\/\/comercialkhoury.com.br\/produto\/aguadecocoobrigado\/\",\"url\":\"https:\/\/comercialkhoury.com.br\/produto\/aguadecocoobrigado\/\",\"name\":\"\u00c1gua de Coco Integral Obrigado 1L - Comercia Khoury\",\"isPartOf\":{\"@id\":\"https:\/\/comercialkhoury.com.br\/#website\"},\"datePublished\":\"2020-02-14T18:54:50+00:00\",\"dateModified\":\"2024-09-06T03:02:39+00:00\",\"breadcrumb\":{\"@id\":\"https:\/\/comercialkhoury.com.br\/produto\/aguadecocoobrigado\/#breadcrumb\"},\"inLanguage\":\"en-US\",\"potentialAction\":[{\"@type\":\"ReadAction\",\"target\":[\"https:\/\/comercialkhoury.com.br\/produto\/aguadecocoobrigado\/\"]}]},{\"@type\":\"BreadcrumbList\",\"@id\":\"https:\/\/comercialkhoury.com.br\/produto\/aguadecocoobrigado\/#breadcrumb\",\"itemListElement\":[{\"@type\":\"ListItem\",\"position\":1,\"name\":\"In\u00edcio\",\"item\":\"https:\/\/comercialkhoury.com.br\/home\/\"},{\"@type\":\"ListItem\",\"position\":2,\"name\":\"Loja\",\"item\":\"https:\/\/comercialkhoury.com.br\/loja\/\"},{\"@type\":\"ListItem\",\"position\":3,\"name\":\"\u00c1gua de Coco Integral Obrigado 1L\"}]},{\"@type\":\"WebSite\",\"@id\":\"https:\/\/comercialkhoury.com.br\/#website\",\"url\":\"https:\/\/comercialkhoury.com.br\/\",\"name\":\"Comercia Khoury\",\"description\":\"Alimentos\",\"potentialAction\":[{\"@type\":\"SearchAction\",\"target\":{\"@type\":\"EntryPoint\",\"urlTemplate\":\"https:\/\/comercialkhoury.com.br\/?s={search_term_string}\"},\"query-input\":\"required name=search_term_string\"}],\"inLanguage\":\"en-US\"}]}<\/script>\n<!-- \/ Yoast SEO plugin. -->","yoast_head_json":{"title":"\u00c1gua de Coco Integral Obrigado 1L - Comercia Khoury","robots":{"index":"index","follow":"follow","max-snippet":"max-snippet:-1","max-image-preview":"max-image-preview:large","max-video-preview":"max-video-preview:-1"},"canonical":"https:\/\/comercialkhoury.com.br\/en\/product\/aguadecocoobrigado\/","og_locale":"en_US","og_type":"article","og_title":"\u00c1gua de Coco Integral Obrigado 1L - Comercia Khoury","og_description":"\u00c1gua de Coco Integral da marca Obrigado. Embalagem de 1 litro. Com o sabor natural da fruta, \u00e9 elaborada sem adi\u00e7\u00e3o de a\u00e7\u00facar e possui baixo teor de s\u00f3dio. Leve e refrescante, pode ser consumida pura ou utilizada no preparo de bebidas e drinks variados. Sem conservantes, sua por\u00e7\u00e3o de 100 mililitros (1\/2 copo) possui, aproximadamente, valor energ\u00e9tico de 79 kcal. N\u00e3o apresenta quantidades significativas de prote\u00ednas, gorduras totais e s\u00f3dio.","og_url":"https:\/\/comercialkhoury.com.br\/en\/product\/aguadecocoobrigado\/","og_site_name":"Comercia Khoury","article_modified_time":"2024-09-06T03:02:39+00:00","og_image":[{"width":250,"height":250,"url":"https:\/\/comercialkhoury.com.br\/wp-content\/uploads\/2020\/02\/aguadecocoobrigado.jpg","type":"image\/jpeg"}],"twitter_card":"summary_large_image","twitter_misc":{"Est. reading time":"1 minute"},"schema":{"@context":"https:\/\/schema.org","@graph":[{"@type":"WebPage","@id":"https:\/\/comercialkhoury.com.br\/produto\/aguadecocoobrigado\/","url":"https:\/\/comercialkhoury.com.br\/produto\/aguadecocoobrigado\/","name":"\u00c1gua de Coco Integral Obrigado 1L - Comercia Khoury","isPartOf":{"@id":"https:\/\/comercialkhoury.com.br\/#website"},"datePublished":"2020-02-14T18:54:50+00:00","dateModified":"2024-09-06T03:02:39+00:00","breadcrumb":{"@id":"https:\/\/comercialkhoury.com.br\/produto\/aguadecocoobrigado\/#breadcrumb"},"inLanguage":"en-US","potentialAction":[{"@type":"ReadAction","target":["https:\/\/comercialkhoury.com.br\/produto\/aguadecocoobrigado\/"]}]},{"@type":"BreadcrumbList","@id":"https:\/\/comercialkhoury.com.br\/produto\/aguadecocoobrigado\/#breadcrumb","itemListElement":[{"@type":"ListItem","position":1,"name":"In\u00edcio","item":"https:\/\/comercialkhoury.com.br\/home\/"},{"@type":"ListItem","position":2,"name":"Loja","item":"https:\/\/comercialkhoury.com.br\/loja\/"},{"@type":"ListItem","position":3,"name":"\u00c1gua de Coco Integral Obrigado 1L"}]},{"@type":"WebSite","@id":"https:\/\/comercialkhoury.com.br\/#website","url":"https:\/\/comercialkhoury.com.br\/","name":"Comercia Khoury","description":"Alimentos","potentialAction":[{"@type":"SearchAction","target":{"@type":"EntryPoint","urlTemplate":"https:\/\/comercialkhoury.com.br\/?s={search_term_string}"},"query-input":"required name=search_term_string"}],"inLanguage":"en-US"}]}},"_links":{"self":[{"href":"https:\/\/comercialkhoury.com.br\/en\/wp-json\/wp\/v2\/product\/1315"}],"collection":[{"href":"https:\/\/comercialkhoury.com.br\/en\/wp-json\/wp\/v2\/product"}],"about":[{"href":"https:\/\/comercialkhoury.com.br\/en\/wp-json\/wp\/v2\/types\/product"}],"wp:featuredmedia":[{"embeddable":true,"href":"https:\/\/comercialkhoury.com.br\/en\/wp-json\/wp\/v2\/media\/3329"}],"wp:attachment":[{"href":"https:\/\/comercialkhoury.com.br\/en\/wp-json\/wp\/v2\/media?parent=1315"}],"wp:term":[{"taxonomy":"product_cat","embeddable":true,"href":"https:\/\/comercialkhoury.com.br\/en\/wp-json\/wp\/v2\/product_cat?post=1315"},{"taxonomy":"product_tag","embeddable":true,"href":"https:\/\/comercialkhoury.com.br\/en\/wp-json\/wp\/v2\/product_tag?post=1315"}],"curies":[{"name":"wp","href":"https:\/\/api.w.org\/{rel}","templated":true}]}}