{"id":3336,"date":"2024-09-05T23:23:04","date_gmt":"2024-09-06T02:23:04","guid":{"rendered":"https:\/\/comercialkhoury.com.br\/?post_type=product&#038;p=3336"},"modified":"2024-09-05T23:48:44","modified_gmt":"2024-09-06T02:48:44","slug":"oleo-de-coco-extravirgem-balde-32-litros","status":"publish","type":"product","link":"https:\/\/comercialkhoury.com.br\/en\/product\/oleo-de-coco-extravirgem-balde-32-litros\/","title":{"rendered":"\u00d3leo de Coco Extravirgem Balde 3,2 litros"},"content":{"rendered":"<div class=\"col-lg-6\">\n<h2>Informa\u00e7\u00f5es Nutricionais<\/h2>\n<p>Por\u00e7\u00e3o de 15ml (1 colher de sopa)<\/p>\n<table class=\"table table-striped\">\n<thead>\n<tr>\n<th colspan=\"2\" scope=\"col\">\n<h5>Quantidade por Por\u00e7\u00e3o<\/h5>\n<\/th>\n<th scope=\"col\">\n<h5>% VD*<\/h5>\n<\/th>\n<\/tr>\n<\/thead>\n<tbody>\n<tr>\n<td>Valor Energ\u00e9tico<\/td>\n<td>125kcal = 523,6kJ<\/td>\n<td>7%<\/td>\n<\/tr>\n<tr>\n<td>Carboidratos<\/td>\n<td>0g<\/td>\n<td>0%<\/td>\n<\/tr>\n<tr>\n<td>Prote\u00ednas<\/td>\n<td>0g<\/td>\n<td>0%<\/td>\n<\/tr>\n<tr>\n<td>Gorduras Totais<\/td>\n<td>14g<\/td>\n<td>22%<\/td>\n<\/tr>\n<tr>\n<td>Gorduras Saturadas<\/td>\n<td>13g<\/td>\n<td>59%<\/td>\n<\/tr>\n<tr>\n<td>Fibra Alimentar<\/td>\n<td>0g<\/td>\n<td>0%<\/td>\n<\/tr>\n<tr>\n<td>S\u00f3dio<\/td>\n<td>0mg<\/td>\n<td>0%<\/td>\n<\/tr>\n<\/tbody>\n<\/table>\n<p class=\"produto-nutricional-detalhe\">(*) % Valores di\u00e1rios de refer\u00eancia com base em uma dieta de 2.000kcal ou 8.400kJ. Seus valores di\u00e1rios podem ser maiores ou menores dependendo de suas necessidades energ\u00e9ticas. N\u00e3o cont\u00e9m quantidade significativa de gorduras trans.<\/p>\n<\/div>\n<div class=\"col-lg-6\">\n<h2>Ingredientes<\/h2>\n<p>\u00d3leo de Coco<\/p>\n<h2>Conserva\u00e7\u00e3o<\/h2>\n<p>Conserve melhor seu \u00f3leo mantendo-o em local seco, protegido de luz e longe de qualquer fonte de calor.<\/p>\n<div class=\"\">\n<h2>Dica Importante<\/h2>\n<p>O \u00f3leo de coco solidifica em temperaturas abaixo de 25\u00baC, para voltar ao normal basta um &#8220;Banho Maria&#8221;.<\/p>\n<\/div>\n<\/div>","protected":false},"excerpt":{"rendered":"<p>O \u00d3leo de Coco Extravirgem Copra \u00e9 o perfeito substituto para outros \u00f3leos vegetais, pois conserva nutrientes enquanto promove o seu bem-estar. Al\u00e9m de dar um toque especial \u00e0s receitas, \u00e9 zero gordura trans, n\u00e3o hidrogenado e nem refinado, e possui em sua composi\u00e7\u00e3o uma predomin\u00e2ncia de gorduras boas que facilitam a digest\u00e3o e absor\u00e7\u00e3o pelo nosso corpo. Prensado e extra\u00eddo a frio da polpa do coco seco, \u00e9 um alimento antioxidante, rico de TCM (Triglicer\u00eddeos de Cadeia M\u00e9dia) e fonte de \u00e1cido l\u00e1urico, \u00e1cido capr\u00edlico e\u00a0<a title=\"vitamina e\" href=\"https:\/\/www.drogaraia.com.br\/bem-estar\/vitaminas\/vitamina-e.html\" rel=\"follow\">vitamina e<\/a>, componentes que participam das defesas do corpo, sendo um aliado natural para o aumento da imunidade.<\/p>\n<p>\u00c9 considerado por nutricionais, pesquisadores e m\u00e9dicos, um \u201csuperalimento\u201d rico em nutrientes com grande relev\u00e2ncia na nutri\u00e7\u00e3o e na cosm\u00e9tica avan\u00e7ada.<\/p>","protected":false},"featured_media":3340,"template":"","meta":[],"product_cat":[20,19],"product_tag":[21,36,43],"acf":[],"yoast_head":"<!-- This site is optimized with the Yoast SEO plugin v20.13 - https:\/\/yoast.com\/wordpress\/plugins\/seo\/ -->\n<title>\u00d3leo de Coco Extravirgem Balde 3,2 litros - Comercia Khoury<\/title>\n<meta name=\"robots\" content=\"index, follow, max-snippet:-1, max-image-preview:large, max-video-preview:-1\" \/>\n<link rel=\"canonical\" href=\"https:\/\/comercialkhoury.com.br\/en\/product\/oleo-de-coco-extravirgem-balde-32-litros\/\" \/>\n<meta property=\"og:locale\" content=\"en_US\" \/>\n<meta property=\"og:type\" content=\"article\" \/>\n<meta property=\"og:title\" content=\"\u00d3leo de Coco Extravirgem Balde 3,2 litros - Comercia Khoury\" \/>\n<meta property=\"og:description\" content=\"O \u00d3leo de Coco Extravirgem Copra \u00e9 o perfeito substituto para outros \u00f3leos vegetais, pois conserva nutrientes enquanto promove o seu bem-estar. Al\u00e9m de dar um toque especial \u00e0s receitas, \u00e9 zero gordura trans, n\u00e3o hidrogenado e nem refinado, e possui em sua composi\u00e7\u00e3o uma predomin\u00e2ncia de gorduras boas que facilitam a digest\u00e3o e absor\u00e7\u00e3o pelo nosso corpo. Prensado e extra\u00eddo a frio da polpa do coco seco, \u00e9 um alimento antioxidante, rico de TCM (Triglicer\u00eddeos de Cadeia M\u00e9dia) e fonte de \u00e1cido l\u00e1urico, \u00e1cido capr\u00edlico e\u00a0vitamina e, componentes que participam das defesas do corpo, sendo um aliado natural para o aumento da imunidade.  \u00c9 considerado por nutricionais, pesquisadores e m\u00e9dicos, um \u201csuperalimento\u201d rico em nutrientes com grande relev\u00e2ncia na nutri\u00e7\u00e3o e na cosm\u00e9tica avan\u00e7ada.\" \/>\n<meta property=\"og:url\" content=\"https:\/\/comercialkhoury.com.br\/en\/product\/oleo-de-coco-extravirgem-balde-32-litros\/\" \/>\n<meta property=\"og:site_name\" content=\"Comercia Khoury\" \/>\n<meta property=\"article:modified_time\" content=\"2024-09-06T02:48:44+00:00\" \/>\n<meta property=\"og:image\" content=\"https:\/\/comercialkhoury.com.br\/wp-content\/uploads\/2024\/09\/D_NQ_NP_2X_897677-MLB40569473065_012020-F-1.webp\" \/>\n\t<meta property=\"og:image:width\" content=\"1116\" \/>\n\t<meta property=\"og:image:height\" content=\"1200\" \/>\n\t<meta property=\"og:image:type\" content=\"image\/webp\" \/>\n<meta name=\"twitter:card\" content=\"summary_large_image\" \/>\n<meta name=\"twitter:label1\" content=\"Est. reading time\" \/>\n\t<meta name=\"twitter:data1\" content=\"1 minute\" \/>\n<script type=\"application\/ld+json\" class=\"yoast-schema-graph\">{\"@context\":\"https:\/\/schema.org\",\"@graph\":[{\"@type\":\"WebPage\",\"@id\":\"https:\/\/comercialkhoury.com.br\/produto\/oleo-de-coco-extravirgem-balde-32-litros\/\",\"url\":\"https:\/\/comercialkhoury.com.br\/produto\/oleo-de-coco-extravirgem-balde-32-litros\/\",\"name\":\"\u00d3leo de Coco Extravirgem Balde 3,2 litros - Comercia Khoury\",\"isPartOf\":{\"@id\":\"https:\/\/comercialkhoury.com.br\/#website\"},\"datePublished\":\"2024-09-06T02:23:04+00:00\",\"dateModified\":\"2024-09-06T02:48:44+00:00\",\"breadcrumb\":{\"@id\":\"https:\/\/comercialkhoury.com.br\/produto\/oleo-de-coco-extravirgem-balde-32-litros\/#breadcrumb\"},\"inLanguage\":\"en-US\",\"potentialAction\":[{\"@type\":\"ReadAction\",\"target\":[\"https:\/\/comercialkhoury.com.br\/produto\/oleo-de-coco-extravirgem-balde-32-litros\/\"]}]},{\"@type\":\"BreadcrumbList\",\"@id\":\"https:\/\/comercialkhoury.com.br\/produto\/oleo-de-coco-extravirgem-balde-32-litros\/#breadcrumb\",\"itemListElement\":[{\"@type\":\"ListItem\",\"position\":1,\"name\":\"In\u00edcio\",\"item\":\"https:\/\/comercialkhoury.com.br\/home\/\"},{\"@type\":\"ListItem\",\"position\":2,\"name\":\"Loja\",\"item\":\"https:\/\/comercialkhoury.com.br\/loja\/\"},{\"@type\":\"ListItem\",\"position\":3,\"name\":\"\u00d3leo de Coco Extravirgem Balde 3,2 litros\"}]},{\"@type\":\"WebSite\",\"@id\":\"https:\/\/comercialkhoury.com.br\/#website\",\"url\":\"https:\/\/comercialkhoury.com.br\/\",\"name\":\"Comercia Khoury\",\"description\":\"Alimentos\",\"potentialAction\":[{\"@type\":\"SearchAction\",\"target\":{\"@type\":\"EntryPoint\",\"urlTemplate\":\"https:\/\/comercialkhoury.com.br\/?s={search_term_string}\"},\"query-input\":\"required name=search_term_string\"}],\"inLanguage\":\"en-US\"}]}<\/script>\n<!-- \/ Yoast SEO plugin. -->","yoast_head_json":{"title":"\u00d3leo de Coco Extravirgem Balde 3,2 litros - Comercia Khoury","robots":{"index":"index","follow":"follow","max-snippet":"max-snippet:-1","max-image-preview":"max-image-preview:large","max-video-preview":"max-video-preview:-1"},"canonical":"https:\/\/comercialkhoury.com.br\/en\/product\/oleo-de-coco-extravirgem-balde-32-litros\/","og_locale":"en_US","og_type":"article","og_title":"\u00d3leo de Coco Extravirgem Balde 3,2 litros - Comercia Khoury","og_description":"O \u00d3leo de Coco Extravirgem Copra \u00e9 o perfeito substituto para outros \u00f3leos vegetais, pois conserva nutrientes enquanto promove o seu bem-estar. Al\u00e9m de dar um toque especial \u00e0s receitas, \u00e9 zero gordura trans, n\u00e3o hidrogenado e nem refinado, e possui em sua composi\u00e7\u00e3o uma predomin\u00e2ncia de gorduras boas que facilitam a digest\u00e3o e absor\u00e7\u00e3o pelo nosso corpo. Prensado e extra\u00eddo a frio da polpa do coco seco, \u00e9 um alimento antioxidante, rico de TCM (Triglicer\u00eddeos de Cadeia M\u00e9dia) e fonte de \u00e1cido l\u00e1urico, \u00e1cido capr\u00edlico e\u00a0vitamina e, componentes que participam das defesas do corpo, sendo um aliado natural para o aumento da imunidade.  \u00c9 considerado por nutricionais, pesquisadores e m\u00e9dicos, um \u201csuperalimento\u201d rico em nutrientes com grande relev\u00e2ncia na nutri\u00e7\u00e3o e na cosm\u00e9tica avan\u00e7ada.","og_url":"https:\/\/comercialkhoury.com.br\/en\/product\/oleo-de-coco-extravirgem-balde-32-litros\/","og_site_name":"Comercia Khoury","article_modified_time":"2024-09-06T02:48:44+00:00","og_image":[{"width":1116,"height":1200,"url":"https:\/\/comercialkhoury.com.br\/wp-content\/uploads\/2024\/09\/D_NQ_NP_2X_897677-MLB40569473065_012020-F-1.webp","type":"image\/webp"}],"twitter_card":"summary_large_image","twitter_misc":{"Est. reading time":"1 minute"},"schema":{"@context":"https:\/\/schema.org","@graph":[{"@type":"WebPage","@id":"https:\/\/comercialkhoury.com.br\/produto\/oleo-de-coco-extravirgem-balde-32-litros\/","url":"https:\/\/comercialkhoury.com.br\/produto\/oleo-de-coco-extravirgem-balde-32-litros\/","name":"\u00d3leo de Coco Extravirgem Balde 3,2 litros - Comercia Khoury","isPartOf":{"@id":"https:\/\/comercialkhoury.com.br\/#website"},"datePublished":"2024-09-06T02:23:04+00:00","dateModified":"2024-09-06T02:48:44+00:00","breadcrumb":{"@id":"https:\/\/comercialkhoury.com.br\/produto\/oleo-de-coco-extravirgem-balde-32-litros\/#breadcrumb"},"inLanguage":"en-US","potentialAction":[{"@type":"ReadAction","target":["https:\/\/comercialkhoury.com.br\/produto\/oleo-de-coco-extravirgem-balde-32-litros\/"]}]},{"@type":"BreadcrumbList","@id":"https:\/\/comercialkhoury.com.br\/produto\/oleo-de-coco-extravirgem-balde-32-litros\/#breadcrumb","itemListElement":[{"@type":"ListItem","position":1,"name":"In\u00edcio","item":"https:\/\/comercialkhoury.com.br\/home\/"},{"@type":"ListItem","position":2,"name":"Loja","item":"https:\/\/comercialkhoury.com.br\/loja\/"},{"@type":"ListItem","position":3,"name":"\u00d3leo de Coco Extravirgem Balde 3,2 litros"}]},{"@type":"WebSite","@id":"https:\/\/comercialkhoury.com.br\/#website","url":"https:\/\/comercialkhoury.com.br\/","name":"Comercia Khoury","description":"Alimentos","potentialAction":[{"@type":"SearchAction","target":{"@type":"EntryPoint","urlTemplate":"https:\/\/comercialkhoury.com.br\/?s={search_term_string}"},"query-input":"required name=search_term_string"}],"inLanguage":"en-US"}]}},"_links":{"self":[{"href":"https:\/\/comercialkhoury.com.br\/en\/wp-json\/wp\/v2\/product\/3336"}],"collection":[{"href":"https:\/\/comercialkhoury.com.br\/en\/wp-json\/wp\/v2\/product"}],"about":[{"href":"https:\/\/comercialkhoury.com.br\/en\/wp-json\/wp\/v2\/types\/product"}],"wp:featuredmedia":[{"embeddable":true,"href":"https:\/\/comercialkhoury.com.br\/en\/wp-json\/wp\/v2\/media\/3340"}],"wp:attachment":[{"href":"https:\/\/comercialkhoury.com.br\/en\/wp-json\/wp\/v2\/media?parent=3336"}],"wp:term":[{"taxonomy":"product_cat","embeddable":true,"href":"https:\/\/comercialkhoury.com.br\/en\/wp-json\/wp\/v2\/product_cat?post=3336"},{"taxonomy":"product_tag","embeddable":true,"href":"https:\/\/comercialkhoury.com.br\/en\/wp-json\/wp\/v2\/product_tag?post=3336"}],"curies":[{"name":"wp","href":"https:\/\/api.w.org\/{rel}","templated":true}]}}